{"id":248,"date":"2025-10-29T12:00:36","date_gmt":"2025-10-29T12:00:36","guid":{"rendered":"https:\/\/moff-moff.jp\/?page_id=248"},"modified":"2026-01-23T10:07:02","modified_gmt":"2026-01-23T01:07:02","slug":"overview","status":"publish","type":"page","link":"https:\/\/moff-moff.jp\/en\/company\/overview\/","title":{"rendered":"01Company-03_Company Profile"},"content":{"rendered":"<div class=\"swell-block-fullWide pc-py-40 sp-py-40 has-bg-img alignfull lazyload\" style=\"color:#fff\" data-bg=\"https:\/\/moff-moff.jp\/wp-content\/uploads\/2025\/12\/\u4f1a\u793e\u6982\u8981FV-1-scaled.jpg\"><div class=\"swell-block-fullWide__inner l-article\">\n<p class=\"has-text-align-center u-mb-ctrl u-mb-0\"><strong>Company<\/strong><\/p>\n\n\n\n<h1 class=\"wp-block-heading is-style-section_ttl u-mb-ctrl u-mb-0\">About us<\/h1>\n<\/div><\/div>\n\n\n\n<div class=\"swell-block-fullWide pc-py-40 sp-py-40 alignfull\" style=\"background-color:#ffffff\"><div class=\"swell-block-fullWide__inner l-article\">\n<figure class=\"wp-block-table sp_block_ is-style-simple u-mb-ctrl u-mb-0\"><table class=\"has-background\" style=\"background-color:#ffef5e12\"><tbody><tr><th><strong>Company Name<\/strong><\/th><td>MOFF Corporation<\/td><\/tr><tr><th><strong>representative<\/strong><\/th><td>Representative Director: Sohei Yaguchi<\/td><\/tr><tr><th><strong>main office<\/strong><\/th><td>\u3012315-0005<br>2-3-22 Kanoko, Ishioka City, Ibaraki Prefecture<\/td><\/tr><tr><td><strong>Kashiwanoha Office<\/strong><\/td><td>\u3012277-0871<br>226-44 Wakamurasaki, Kashiwa City, Chiba Prefecture, Central 141 Block 1<br>KOIL TERRACE 2nd floor, Room 208<\/td><\/tr><tr><td><strong>Kawasaki Office<\/strong><\/td><td>\u3012210-0024<br>1-11 Nisshincho, Kawasaki Ward, Kawasaki City, Kanagawa Prefecture<br>Kawasaki Le Front 10th floor<\/td><\/tr><tr><th><strong>Establishment<\/strong><\/th><td>January 2014<\/td><\/tr><tr><th><strong>capital<\/strong><\/th><td>10 million yen<\/td><\/tr><tr><th><strong>Number of employees<\/strong><\/th><td>714 people (including part-time workers)<\/td><\/tr><tr><th><strong>Number of qualified veterinarians<\/strong><\/th><td>3 people<br>1 in-house veterinarian, 2 external consulting veterinarians<\/td><\/tr><tr><th><strong>Number of bases<\/strong><\/th><td>53 locations<\/td><\/tr><tr><th><strong>Number of animal species<\/strong><\/th><td>Approximately 600 species (approximately 280 species of domestic fish)<\/td><\/tr><\/tbody><\/table><\/figure>\n\n\n\n<p class=\"has-text-align-center\"><span class=\"swl-fz u-fz-s\">*The figures listed on this page are as of December 2025.<\/span><\/p>\n<\/div><\/div>\n\n\n\n<div class=\"swell-block-fullWide pc-py-40 sp-py-40 alignfull\" style=\"background-color:#feffff\"><div class=\"swell-block-fullWide__inner l-article\">\n<h2 class=\"wp-block-heading is-style-section_ttl u-mb-ctrl u-mb-10\"><span class=\"swl-fz u-fz-l\">History<\/span><\/h2>\n\n\n\n<div class=\"swell-block-accordion .enkaku\">\n<details class=\"swell-block-accordion__item\" data-swl-acc=\"wrapper\"><summary class=\"swell-block-accordion__title\" data-swl-acc=\"header\"><span class=\"swell-block-accordion__label\"><strong><span class=\"swl-inline-color has-swl-main-color\">2014-2016<br>Establishment of MOFF Corporation\/ Brand birth and foundation formation<\/span><\/strong><\/span><span class=\"swell-block-accordion__icon c-switchIconBtn\" data-swl-acc=\"icon\" aria-hidden=\"true\" data-opened=\"false\"><i class=\"__icon--closed icon-caret-down\"><\/i><i class=\"__icon--opened icon-caret-up\"><\/i><\/span><\/summary><div class=\"swell-block-accordion__body\" data-swl-acc=\"body\">\n<p><strong>2014<\/strong><br>Establishment of MOFF Corporation<br>Moff Animal World BIGHOP Garden Mall Inzai store opens<\/p>\n\n\n\n<p><strong>2015<\/strong><br>Moff Animal Cafe iias Tsukuba store opens<\/p>\n\n\n\n<p><strong>2016<\/strong><br>Orbi Yokohama Animal Studio outsourcing begins<br>Moff Animal Cafe Aeon Mall Makuhari New City store opens<\/p>\n<\/div><\/details>\n\n\n\n<details class=\"swell-block-accordion__item\" data-swl-acc=\"wrapper\"><summary class=\"swell-block-accordion__title\" data-swl-acc=\"header\"><span class=\"swell-block-accordion__label\"><strong><span class=\"swl-inline-color has-swl-main-color\">2017-2019<br>Nationwide expansion period | Expand to 20 stores, mainly in large commercial facilities<\/span><\/strong><\/span><span class=\"swell-block-accordion__icon c-switchIconBtn\" data-swl-acc=\"icon\" aria-hidden=\"true\" data-opened=\"false\"><i class=\"__icon--closed icon-caret-down\"><\/i><i class=\"__icon--opened icon-caret-up\"><\/i><\/span><\/summary><div class=\"swell-block-accordion__body\" data-swl-acc=\"body\">\n<p><strong>2017<\/strong><br>Fluffy Petting Zoo opens at AEON Mall Shinkomatsu<br>Fluffy Petting Zoo opens at AEON Mall Tokushima<br>Fluffy Petting Zoo Apita Town Kanazawa Bay store opens<br>Fluffy Petting Zoo opens at AEON Mall Tsukuba<br>Moff Animal Cafe IIAS Takao store opens<br>Orbi Osaka Animal World outsourcing begins<br>Fluffy Petting Zoo opens at AEON Mall Kofu Showa<\/p>\n\n\n\n<p><strong>2018<\/strong><br>Moff Animal Cafe Mito Opa store opens (currently Cat Cafe MOFF Mito Opa store)<br>Toshimaen Fureai Pet Garden outsourcing begins<br>Moff Animal Cafe Takasaki Opa store opens (currently Cat Cafe MOFF Takasaki Opa store)<br>Moff Animal Cafe Mark Is Fukuoka Momochi store opens<\/p>\n\n\n\n<p><strong>2019<\/strong><br>Moff Animal Cafe Nagoya PARCO store opens (now Cat Cafe MOFF Nagoya PARCO store)<br>Moff Animal Cafe Aeon Mall Narita store opens<br>Moff Animal Cafe COCOSA Kumamoto store opens<br>Moff Animal Cafe Oita Opa store opens<br>Moff Animal Cafe Shizuoka PARCO store opens (currently Cat Cafe MOFF Shizuoka PARCO store)<br>Moff Animal Cafe Grandberry Park store opens (currently Cat Cafe MOFF Grandberry Park store)<\/p>\n<\/div><\/details>\n\n\n\n<details class=\"swell-block-accordion__item\" data-swl-acc=\"wrapper\"><summary class=\"swell-block-accordion__title\" data-swl-acc=\"header\"><span class=\"swell-block-accordion__label\"><span class=\"swl-inline-color has-swl-main-color\"><strong>2020-2022<br>Diversification period | Cat cafe franchise business launched<\/strong><\/span><\/span><span class=\"swell-block-accordion__icon c-switchIconBtn\" data-swl-acc=\"icon\" aria-hidden=\"true\" data-opened=\"false\"><i class=\"__icon--closed icon-caret-down\"><\/i><i class=\"__icon--opened icon-caret-up\"><\/i><\/span><\/summary><div class=\"swell-block-accordion__body\" data-swl-acc=\"body\">\n<p><strong>2020<\/strong><br>Moff Animal Cafe Odawara Dynacity store opens<br>Moff Animal Cafe LaLaport Aichi Togo store opens<\/p>\n\n\n\n<p><strong>2021<\/strong><br>Moff Animal Cafe Aeon Mall Shin Rifu store opens<br>Kasumigaura Fureai Land begins operation<br>Cat Caf\u00e9 MOFF Yodobashi Akiba store opens<br>Cat Caf\u00e9 MOFF Ario Kurashiki store opens<\/p>\n\n\n\n<p><strong>2022<\/strong><br>Moff Animal Cafe Alpark store opens<br>Moff Animal Cafe LaLaport Fukuoka store opens<br>Moff Animal Cafe LaLaport Tachikawa Tachihi store opens<br>Moff Animal Cafe LaLaport Sakai store opens<br>Cat Caf\u00e9 MOFF Mallage Shobu store opens<\/p>\n<\/div><\/details>\n\n\n\n<details class=\"swell-block-accordion__item\" data-swl-acc=\"wrapper\"><summary class=\"swell-block-accordion__title\" data-swl-acc=\"header\"><span class=\"swell-block-accordion__label\"><strong><span class=\"swl-inline-color has-swl-main-color\">2023-2024<br>Business expansion period | Overseas expansion, public facility renovation, large facility acquisition<\/span><\/strong><\/span><span class=\"swell-block-accordion__icon c-switchIconBtn\" data-swl-acc=\"icon\" aria-hidden=\"true\" data-opened=\"false\"><i class=\"__icon--closed icon-caret-down\"><\/i><i class=\"__icon--opened icon-caret-up\"><\/i><\/span><\/summary><div class=\"swell-block-accordion__body\" data-swl-acc=\"body\">\n<p><strong>2023<\/strong><br>Established MOFF Hawaii Corporation<br>Cat Caf\u00e9 MOFF Tennoji Mio store opens<br>Cat Caf\u00e9 MOFF SHIMINT HIROSHIMA store opened<br>Cat Caf\u00e9 MOFF Aeon Mall Toyokawa store opens<br>Cat Caf\u00e9 MOFF CUTE CUBE Harajuku store opens<br>Cat Caf\u00e9 MOFF Seven Park Ario Kashiwa store opens<br>Moff Animal Cafe Aeon Mall Natori store opens<br>Cat Caf\u00e9 MOFF Aeon Mall Kisogawa store opens<br>Cat Caf\u00e9 MOFF International Market Place store (Hawaii) opens<br>Cat Caf\u00e9 MOFF Tsukashin store opens<br>Cat Caf\u00e9 MOFF Aeon Mall Hiroshima Fuchu store opens<\/p>\n\n\n\n<p><strong>2024<\/strong><br>Acquisition of Kawasaki Aquarium business by Kawasui<br>Cat Caf\u00e9 MOFF Sendai PARCO store opens<br>Cat Caf\u00e9 MOFF Cocoon City Saitama Shintoshin store opens<br>Cat Caf\u00e9 MOFF Pearlridge Center store (Hawaii) opens<br>Cat Caf\u00e9 MOFF Korska Bayside Stores opens<br>Cat Caf\u00e9 MOFF Aeon Mall Nagoya Dome store opens<br>Cat Caf\u00e9 MOFF Ala Moana Center store (Hawaii) opens<br>Cat Caf\u00e9 MOFF Aeon Mall Hamamatsu Shitoro store opens<br>Moff Animal Cafe Ebina Vinawalk store opens<br>Cat Caf\u00e9 MOFF Iiasu Okinawa Toyosaki store opens<br>Lake Kasumigaura &quot;Animal and Everyone&#039;s House&quot; opens<br>Cat Caf\u00e9 MOFF Hirakata Mall store opens<br>Cat Caf\u00e9 MOFF Aeon Mall Kumamoto store opens<\/p>\n<\/div><\/details>\n\n\n\n<details class=\"swell-block-accordion__item\" data-swl-acc=\"wrapper\"><summary class=\"swell-block-accordion__title\" data-swl-acc=\"header\"><span class=\"swell-block-accordion__label\"><span class=\"swl-inline-color has-swl-main-color\"><strong>From 2025<\/strong><br><strong>Currently 54 locations<\/strong><\/span><\/span><span class=\"swell-block-accordion__icon c-switchIconBtn\" data-swl-acc=\"icon\" aria-hidden=\"true\" data-opened=\"false\"><i class=\"__icon--closed icon-caret-down\"><\/i><i class=\"__icon--opened icon-caret-up\"><\/i><\/span><\/summary><div class=\"swell-block-accordion__body\" data-swl-acc=\"body\">\n<p><strong>2025<\/strong><br>Cat Caf\u00e9 MOFF minamoa Hiroshima store opens<br>Moff Animal Cafe LaLaport Anjo store opens<br>Cat Caf\u00e9 MOFF LaLaport Anjo store opens<br>Cat Caf\u00e9 MOFF Aeon Mall Rinku Sennan store opens<br>Cat Caf\u00e9 MOFF Aeon Mall Suzaka store opens<br>Moff Animal Cafe LaLaport Koshien store opens<br>Moff animal cafe CUTE CUBE Harajuku store opens<br>Cat Caf\u00e9 MOFF Aeon Mall Kawaguchi Maekawa store opens<\/p>\n<\/div><\/details>\n<\/div>\n<\/div><\/div>\n\n\n\n<div class=\"swell-block-fullWide pc-py-60 sp-py-40 alignfull\" style=\"background-color:#ffffff\"><div class=\"swell-block-fullWide__inner l-article\">\n<h2 class=\"wp-block-heading is-style-section_ttl\"><span class=\"swl-fz u-fz-l\">Group companies<\/span><\/h2>\n\n\n\n<div class=\"swell-block-columns is-style-clmn-border\" style=\"--swl-clmn-mrgn--x:15px;--swl-clmn-mrgn--y:30px\"><div class=\"swell-block-columns__inner\">\n<div class=\"swell-block-column swl-has-mb--s\">\n<h3 class=\"wp-block-heading u-mb-ctrl u-mb-0\"><strong>Jonan Green System<\/strong>Co., Ltd.&nbsp;<\/h3>\n\n\n\n<figure class=\"wp-block-image size-full u-mb-ctrl u-mb-0\"><a href=\"https:\/\/dacho.co.jp\/\"><img decoding=\"async\" width=\"500\" height=\"110\" src=\"https:\/\/moff-moff.jp\/wp-content\/uploads\/2025\/11\/logo_moff_group_dacho.png\" alt=\"\" class=\"wp-image-3452\" srcset=\"https:\/\/moff-moff.jp\/wp-content\/uploads\/2025\/11\/logo_moff_group_dacho.png 500w, https:\/\/moff-moff.jp\/wp-content\/uploads\/2025\/11\/logo_moff_group_dacho-300x66.png 300w, https:\/\/moff-moff.jp\/wp-content\/uploads\/2025\/11\/logo_moff_group_dacho-18x4.png 18w\" sizes=\"(max-width: 500px) 100vw, 500px\" \/><\/a><\/figure>\n<\/div>\n\n\n\n<div class=\"swell-block-column swl-has-mb--s\">\n<h3 class=\"wp-block-heading u-mb-ctrl u-mb-0\">MOFF Hawaii Corporation<\/h3>\n\n\n\n<figure class=\"wp-block-image size-full u-mb-ctrl u-mb-0\"><a href=\"https:\/\/moff-usa.com\/\"><img decoding=\"async\" width=\"608\" height=\"260\" src=\"https:\/\/moff-moff.jp\/wp-content\/uploads\/2025\/11\/MOFF-LOGO-1.png\" alt=\"\" class=\"wp-image-4177\" srcset=\"https:\/\/moff-moff.jp\/wp-content\/uploads\/2025\/11\/MOFF-LOGO-1.png 608w, https:\/\/moff-moff.jp\/wp-content\/uploads\/2025\/11\/MOFF-LOGO-1-300x128.png 300w, https:\/\/moff-moff.jp\/wp-content\/uploads\/2025\/11\/MOFF-LOGO-1-18x8.png 18w\" sizes=\"(max-width: 608px) 100vw, 608px\" \/><\/a><\/figure>\n<\/div>\n\n\n\n<div class=\"swell-block-column swl-has-mb--s\">\n<h3 class=\"wp-block-heading u-mb-ctrl u-mb-0\">Kasumigaura Fureai Land Co., Ltd.<\/h3>\n\n\n\n<figure class=\"wp-block-image size-full\"><a href=\"https:\/\/www.city.namegata.ibaraki.jp\/\"><img decoding=\"async\" width=\"907\" height=\"283\" src=\"https:\/\/moff-moff.jp\/wp-content\/uploads\/2025\/12\/\u884c\u65b9\u5e02\u30d0\u30ca\u30fc\uff08\u884c\u65b9\u5e02\u30d5\u30a9\u30f3\u30c8\uff09.jpg\" alt=\"Namegata City, Ibaraki Prefecture website banner\" class=\"wp-image-6250\" srcset=\"https:\/\/moff-moff.jp\/wp-content\/uploads\/2025\/12\/\u884c\u65b9\u5e02\u30d0\u30ca\u30fc\uff08\u884c\u65b9\u5e02\u30d5\u30a9\u30f3\u30c8\uff09.jpg 907w, https:\/\/moff-moff.jp\/wp-content\/uploads\/2025\/12\/\u884c\u65b9\u5e02\u30d0\u30ca\u30fc\uff08\u884c\u65b9\u5e02\u30d5\u30a9\u30f3\u30c8\uff09-300x94.jpg 300w, https:\/\/moff-moff.jp\/wp-content\/uploads\/2025\/12\/\u884c\u65b9\u5e02\u30d0\u30ca\u30fc\uff08\u884c\u65b9\u5e02\u30d5\u30a9\u30f3\u30c8\uff09-768x240.jpg 768w, https:\/\/moff-moff.jp\/wp-content\/uploads\/2025\/12\/\u884c\u65b9\u5e02\u30d0\u30ca\u30fc\uff08\u884c\u65b9\u5e02\u30d5\u30a9\u30f3\u30c8\uff09-18x6.jpg 18w\" sizes=\"(max-width: 907px) 100vw, 907px\" \/><\/a><\/figure>\n<\/div>\n<\/div><\/div>\n<\/div><\/div>\n\n\n<div class=\"p-blogParts post_content\" data-partsid=\"6147\">\n<div class=\"swell-block-fullWide pc-py-0 sp-py-0 alignfull u-mb-ctrl u-mb-0\" style=\"background-color:#f7f7f7\"><div class=\"swell-block-fullWide__inner\">\n<div class=\"alignfull swell-block-columns\" style=\"--swl-clmn-mrgn--x:0rem;--swl-clmn-mrgn--y:0rem\"><div class=\"swell-block-columns__inner\">\n<div class=\"swell-block-column swl-has-mb--s\">\n<div class=\"swell-block-bannerLink u-mb-ctrl u-mb-0\"><a href=\"https:\/\/moff-moff.jp\/en\/recruit\/\" class=\"c-bannerLink\" style=\"background-color:rgba(0, 0, 0, 0.3)\"><figure class=\"c-bannerLink__figure\" data-tab-style=\"height:300px\" data-mobile-style=\"height:150px\"><img decoding=\"async\" width=\"2000\" height=\"1333\" src=\"https:\/\/moff-moff.jp\/wp-content\/uploads\/2025\/11\/06moff_recruit_team_talk.jpg\" class=\"c-bannerLink__img wp-image-3165 size-full\" alt=\"Banner image for employment information page showing MOFF staff chatting and laughing\" srcset=\"https:\/\/moff-moff.jp\/wp-content\/uploads\/2025\/11\/06moff_recruit_team_talk.jpg 2000w, https:\/\/moff-moff.jp\/wp-content\/uploads\/2025\/11\/06moff_recruit_team_talk-300x200.jpg 300w, https:\/\/moff-moff.jp\/wp-content\/uploads\/2025\/11\/06moff_recruit_team_talk-1024x682.jpg 1024w, https:\/\/moff-moff.jp\/wp-content\/uploads\/2025\/11\/06moff_recruit_team_talk-768x512.jpg 768w, https:\/\/moff-moff.jp\/wp-content\/uploads\/2025\/11\/06moff_recruit_team_talk-1536x1024.jpg 1536w, https:\/\/moff-moff.jp\/wp-content\/uploads\/2025\/11\/06moff_recruit_team_talk-18x12.jpg 18w\" sizes=\"(max-width: 2000px) 100vw, 2000px\" \/><\/figure><div class=\"c-bannerLink__text\"><div class=\"c-bannerLink__title\"><strong>Careers<\/strong><\/div><\/div><\/a><\/div>\n<\/div>\n\n\n\n<div class=\"swell-block-column swl-has-mb--s\">\n<div class=\"swell-block-bannerLink u-mb-ctrl u-mb-0\"><a href=\"https:\/\/moff-moff.jp\/en\/company\/fc\/\" class=\"c-bannerLink\" style=\"background-color:rgba(0, 0, 0, 0.23)\"><figure class=\"c-bannerLink__figure\" data-tab-style=\"height:300px\" data-mobile-style=\"height:150px\"><img decoding=\"async\" width=\"2560\" height=\"912\" src=\"https:\/\/moff-moff.jp\/wp-content\/uploads\/2025\/12\/\u4f1a\u793e\u6982\u8981FV-1-scaled.jpg\" class=\"c-bannerLink__img wp-image-5599 size-full\" alt=\"MOFF Co., Ltd. company information page first view image\" srcset=\"https:\/\/moff-moff.jp\/wp-content\/uploads\/2025\/12\/\u4f1a\u793e\u6982\u8981FV-1-scaled.jpg 2560w, https:\/\/moff-moff.jp\/wp-content\/uploads\/2025\/12\/\u4f1a\u793e\u6982\u8981FV-1-300x107.jpg 300w, https:\/\/moff-moff.jp\/wp-content\/uploads\/2025\/12\/\u4f1a\u793e\u6982\u8981FV-1-1024x365.jpg 1024w, https:\/\/moff-moff.jp\/wp-content\/uploads\/2025\/12\/\u4f1a\u793e\u6982\u8981FV-1-768x274.jpg 768w, https:\/\/moff-moff.jp\/wp-content\/uploads\/2025\/12\/\u4f1a\u793e\u6982\u8981FV-1-1536x547.jpg 1536w, https:\/\/moff-moff.jp\/wp-content\/uploads\/2025\/12\/\u4f1a\u793e\u6982\u8981FV-1-2048x730.jpg 2048w, https:\/\/moff-moff.jp\/wp-content\/uploads\/2025\/12\/\u4f1a\u793e\u6982\u8981FV-1-18x6.jpg 18w\" sizes=\"(max-width: 2560px) 100vw, 2560px\" \/><\/figure><div class=\"c-bannerLink__text\"><div class=\"c-bannerLink__title\"><strong>Franchise<\/strong><\/div><\/div><\/a><\/div>\n<\/div>\n<\/div><\/div>\n<\/div><\/div>\n<\/div>","protected":false},"excerpt":{"rendered":"","protected":false},"author":2,"featured_media":0,"parent":13,"menu_order":40,"comment_status":"closed","ping_status":"closed","template":"","meta":{"_acf_changed":false,"swell_btn_cv_data":"","footnotes":""},"class_list":["post-248","page","type-page","status-publish","hentry"],"acf":[],"_links":{"self":[{"href":"https:\/\/moff-moff.jp\/en\/wp-json\/wp\/v2\/pages\/248","targetHints":{"allow":["GET"]}}],"collection":[{"href":"https:\/\/moff-moff.jp\/en\/wp-json\/wp\/v2\/pages"}],"about":[{"href":"https:\/\/moff-moff.jp\/en\/wp-json\/wp\/v2\/types\/page"}],"author":[{"embeddable":true,"href":"https:\/\/moff-moff.jp\/en\/wp-json\/wp\/v2\/users\/2"}],"replies":[{"embeddable":true,"href":"https:\/\/moff-moff.jp\/en\/wp-json\/wp\/v2\/comments?post=248"}],"version-history":[{"count":79,"href":"https:\/\/moff-moff.jp\/en\/wp-json\/wp\/v2\/pages\/248\/revisions"}],"predecessor-version":[{"id":6413,"href":"https:\/\/moff-moff.jp\/en\/wp-json\/wp\/v2\/pages\/248\/revisions\/6413"}],"up":[{"embeddable":true,"href":"https:\/\/moff-moff.jp\/en\/wp-json\/wp\/v2\/pages\/13"}],"wp:attachment":[{"href":"https:\/\/moff-moff.jp\/en\/wp-json\/wp\/v2\/media?parent=248"}],"curies":[{"name":"wp","href":"https:\/\/api.w.org\/{rel}","templated":true}]}}